{"id":586,"date":"2026-01-10T20:17:45","date_gmt":"2026-01-10T20:17:45","guid":{"rendered":"https:\/\/barbara-sternath.ch\/?page_id=586"},"modified":"2026-01-10T20:17:46","modified_gmt":"2026-01-10T20:17:46","slug":"massagen","status":"publish","type":"page","link":"https:\/\/barbara-sternath.ch\/?page_id=586","title":{"rendered":"Massagen"},"content":{"rendered":"","protected":false},"excerpt":{"rendered":"","protected":false},"author":1,"featured_media":0,"parent":0,"menu_order":0,"comment_status":"closed","ping_status":"closed","template":"","meta":{"neve_meta_sidebar":"","neve_meta_container":"","neve_meta_enable_content_width":"","neve_meta_content_width":0,"neve_meta_title_alignment":"","neve_meta_author_avatar":"","neve_post_elements_order":"","neve_meta_disable_header":"","neve_meta_disable_footer":"","neve_meta_disable_title":"","footnotes":""},"class_list":["post-586","page","type-page","status-publish","hentry"],"yoast_head":"<!-- This site is optimized with the Yoast SEO plugin v27.2 - https:\/\/yoast.com\/product\/yoast-seo-wordpress\/ -->\n<title>Massagen - Ern\u00e4hrungsberatung &amp; Babymassage Sternath<\/title>\n<meta name=\"robots\" content=\"index, follow, max-snippet:-1, max-image-preview:large, max-video-preview:-1\" \/>\n<link rel=\"canonical\" href=\"https:\/\/barbara-sternath.ch\/?page_id=586\" \/>\n<meta property=\"og:locale\" content=\"de_DE\" \/>\n<meta property=\"og:type\" content=\"article\" \/>\n<meta property=\"og:title\" content=\"Massagen - Ern\u00e4hrungsberatung &amp; Babymassage Sternath\" \/>\n<meta property=\"og:url\" content=\"https:\/\/barbara-sternath.ch\/?page_id=586\" \/>\n<meta property=\"og:site_name\" content=\"Ern\u00e4hrungsberatung &amp; Babymassage Sternath\" \/>\n<meta property=\"article:modified_time\" content=\"2026-01-10T20:17:46+00:00\" \/>\n<meta name=\"twitter:card\" content=\"summary_large_image\" \/>\n<script type=\"application\/ld+json\" class=\"yoast-schema-graph\">{\"@context\":\"https:\/\/schema.org\",\"@graph\":[{\"@type\":\"WebPage\",\"@id\":\"https:\/\/barbara-sternath.ch\/?page_id=586\",\"url\":\"https:\/\/barbara-sternath.ch\/?page_id=586\",\"name\":\"Massagen - Ern\u00e4hrungsberatung &amp; Babymassage Sternath\",\"isPartOf\":{\"@id\":\"https:\/\/barbara-sternath.ch\/#website\"},\"datePublished\":\"2026-01-10T20:17:45+00:00\",\"dateModified\":\"2026-01-10T20:17:46+00:00\",\"breadcrumb\":{\"@id\":\"https:\/\/barbara-sternath.ch\/?page_id=586#breadcrumb\"},\"inLanguage\":\"de-CH\",\"potentialAction\":[{\"@type\":\"ReadAction\",\"target\":[\"https:\/\/barbara-sternath.ch\/?page_id=586\"]}]},{\"@type\":\"BreadcrumbList\",\"@id\":\"https:\/\/barbara-sternath.ch\/?page_id=586#breadcrumb\",\"itemListElement\":[{\"@type\":\"ListItem\",\"position\":1,\"name\":\"Home\",\"item\":\"https:\/\/barbara-sternath.ch\/\"},{\"@type\":\"ListItem\",\"position\":2,\"name\":\"Massagen\"}]},{\"@type\":\"WebSite\",\"@id\":\"https:\/\/barbara-sternath.ch\/#website\",\"url\":\"https:\/\/barbara-sternath.ch\/\",\"name\":\"Ern\u00e4hrungsberatung Sternath\",\"description\":\"Ern\u00e4hrungsberatung und Babymassage in Pf\u00e4ffikon ZH\",\"publisher\":{\"@id\":\"https:\/\/barbara-sternath.ch\/#\/schema\/person\/8f1d04fe9a1904344d116d24caa66802\"},\"potentialAction\":[{\"@type\":\"SearchAction\",\"target\":{\"@type\":\"EntryPoint\",\"urlTemplate\":\"https:\/\/barbara-sternath.ch\/?s={search_term_string}\"},\"query-input\":{\"@type\":\"PropertyValueSpecification\",\"valueRequired\":true,\"valueName\":\"search_term_string\"}}],\"inLanguage\":\"de-CH\"},{\"@type\":[\"Person\",\"Organization\"],\"@id\":\"https:\/\/barbara-sternath.ch\/#\/schema\/person\/8f1d04fe9a1904344d116d24caa66802\",\"name\":\"Barbara Sternath\",\"image\":{\"@type\":\"ImageObject\",\"inLanguage\":\"de-CH\",\"@id\":\"https:\/\/barbara-sternath.ch\/wp-content\/uploads\/2019\/10\/4021retcd-e1571518134418.jpg\",\"url\":\"https:\/\/barbara-sternath.ch\/wp-content\/uploads\/2019\/10\/4021retcd-e1571518134418.jpg\",\"contentUrl\":\"https:\/\/barbara-sternath.ch\/wp-content\/uploads\/2019\/10\/4021retcd-e1571518134418.jpg\",\"width\":1368,\"height\":2000,\"caption\":\"Barbara Sternath\"},\"logo\":{\"@id\":\"https:\/\/barbara-sternath.ch\/wp-content\/uploads\/2019\/10\/4021retcd-e1571518134418.jpg\"},\"sameAs\":[\"http:\/\/barbara-sternath.ch\"]}]}<\/script>\n<!-- \/ Yoast SEO plugin. -->","yoast_head_json":{"title":"Massagen - Ern\u00e4hrungsberatung &amp; Babymassage Sternath","robots":{"index":"index","follow":"follow","max-snippet":"max-snippet:-1","max-image-preview":"max-image-preview:large","max-video-preview":"max-video-preview:-1"},"canonical":"https:\/\/barbara-sternath.ch\/?page_id=586","og_locale":"de_DE","og_type":"article","og_title":"Massagen - Ern\u00e4hrungsberatung &amp; Babymassage Sternath","og_url":"https:\/\/barbara-sternath.ch\/?page_id=586","og_site_name":"Ern\u00e4hrungsberatung &amp; Babymassage Sternath","article_modified_time":"2026-01-10T20:17:46+00:00","twitter_card":"summary_large_image","schema":{"@context":"https:\/\/schema.org","@graph":[{"@type":"WebPage","@id":"https:\/\/barbara-sternath.ch\/?page_id=586","url":"https:\/\/barbara-sternath.ch\/?page_id=586","name":"Massagen - Ern\u00e4hrungsberatung &amp; Babymassage Sternath","isPartOf":{"@id":"https:\/\/barbara-sternath.ch\/#website"},"datePublished":"2026-01-10T20:17:45+00:00","dateModified":"2026-01-10T20:17:46+00:00","breadcrumb":{"@id":"https:\/\/barbara-sternath.ch\/?page_id=586#breadcrumb"},"inLanguage":"de-CH","potentialAction":[{"@type":"ReadAction","target":["https:\/\/barbara-sternath.ch\/?page_id=586"]}]},{"@type":"BreadcrumbList","@id":"https:\/\/barbara-sternath.ch\/?page_id=586#breadcrumb","itemListElement":[{"@type":"ListItem","position":1,"name":"Home","item":"https:\/\/barbara-sternath.ch\/"},{"@type":"ListItem","position":2,"name":"Massagen"}]},{"@type":"WebSite","@id":"https:\/\/barbara-sternath.ch\/#website","url":"https:\/\/barbara-sternath.ch\/","name":"Ern\u00e4hrungsberatung Sternath","description":"Ern\u00e4hrungsberatung und Babymassage in Pf\u00e4ffikon ZH","publisher":{"@id":"https:\/\/barbara-sternath.ch\/#\/schema\/person\/8f1d04fe9a1904344d116d24caa66802"},"potentialAction":[{"@type":"SearchAction","target":{"@type":"EntryPoint","urlTemplate":"https:\/\/barbara-sternath.ch\/?s={search_term_string}"},"query-input":{"@type":"PropertyValueSpecification","valueRequired":true,"valueName":"search_term_string"}}],"inLanguage":"de-CH"},{"@type":["Person","Organization"],"@id":"https:\/\/barbara-sternath.ch\/#\/schema\/person\/8f1d04fe9a1904344d116d24caa66802","name":"Barbara Sternath","image":{"@type":"ImageObject","inLanguage":"de-CH","@id":"https:\/\/barbara-sternath.ch\/wp-content\/uploads\/2019\/10\/4021retcd-e1571518134418.jpg","url":"https:\/\/barbara-sternath.ch\/wp-content\/uploads\/2019\/10\/4021retcd-e1571518134418.jpg","contentUrl":"https:\/\/barbara-sternath.ch\/wp-content\/uploads\/2019\/10\/4021retcd-e1571518134418.jpg","width":1368,"height":2000,"caption":"Barbara Sternath"},"logo":{"@id":"https:\/\/barbara-sternath.ch\/wp-content\/uploads\/2019\/10\/4021retcd-e1571518134418.jpg"},"sameAs":["http:\/\/barbara-sternath.ch"]}]}},"_links":{"self":[{"href":"https:\/\/barbara-sternath.ch\/index.php?rest_route=\/wp\/v2\/pages\/586","targetHints":{"allow":["GET"]}}],"collection":[{"href":"https:\/\/barbara-sternath.ch\/index.php?rest_route=\/wp\/v2\/pages"}],"about":[{"href":"https:\/\/barbara-sternath.ch\/index.php?rest_route=\/wp\/v2\/types\/page"}],"author":[{"embeddable":true,"href":"https:\/\/barbara-sternath.ch\/index.php?rest_route=\/wp\/v2\/users\/1"}],"replies":[{"embeddable":true,"href":"https:\/\/barbara-sternath.ch\/index.php?rest_route=%2Fwp%2Fv2%2Fcomments&post=586"}],"version-history":[{"count":1,"href":"https:\/\/barbara-sternath.ch\/index.php?rest_route=\/wp\/v2\/pages\/586\/revisions"}],"predecessor-version":[{"id":587,"href":"https:\/\/barbara-sternath.ch\/index.php?rest_route=\/wp\/v2\/pages\/586\/revisions\/587"}],"wp:attachment":[{"href":"https:\/\/barbara-sternath.ch\/index.php?rest_route=%2Fwp%2Fv2%2Fmedia&parent=586"}],"curies":[{"name":"wp","href":"https:\/\/api.w.org\/{rel}","templated":true}]}}