{"id":10,"date":"2019-07-29T07:54:21","date_gmt":"2019-07-29T07:54:21","guid":{"rendered":"https:\/\/demo.themeisle.com\/neve-wedding\/?page_id=10"},"modified":"2025-02-24T20:24:46","modified_gmt":"2025-02-24T20:24:46","slug":"neve-wedding-contact","status":"publish","type":"page","link":"https:\/\/barbara-sternath.ch\/?page_id=10","title":{"rendered":"Kontakt"},"content":{"rendered":"\t\t<div data-elementor-type=\"wp-post\" data-elementor-id=\"10\" class=\"elementor elementor-10\">\n\t\t\t\t\t\t<section class=\"elementor-section elementor-top-section elementor-element elementor-element-eda286a elementor-section-boxed elementor-section-height-default elementor-section-height-default\" data-id=\"eda286a\" data-element_type=\"section\" data-e-type=\"section\" data-settings=\"{&quot;background_background&quot;:&quot;classic&quot;}\">\n\t\t\t\t\t\t\t<div class=\"elementor-background-overlay\"><\/div>\n\t\t\t\t\t\t\t<div class=\"elementor-container elementor-column-gap-default\">\n\t\t\t\t\t<div class=\"elementor-column elementor-col-100 elementor-top-column elementor-element elementor-element-5c4d002\" data-id=\"5c4d002\" data-element_type=\"column\" data-e-type=\"column\">\n\t\t\t<div class=\"elementor-widget-wrap elementor-element-populated\">\n\t\t\t\t\t\t<section class=\"elementor-section elementor-inner-section elementor-element elementor-element-3061190 elementor-section-boxed elementor-section-height-default elementor-section-height-default\" data-id=\"3061190\" data-element_type=\"section\" data-e-type=\"section\">\n\t\t\t\t\t\t<div class=\"elementor-container elementor-column-gap-default\">\n\t\t\t\t\t<div class=\"elementor-column elementor-col-100 elementor-inner-column elementor-element elementor-element-93e6aff\" data-id=\"93e6aff\" data-element_type=\"column\" data-e-type=\"column\">\n\t\t\t<div class=\"elementor-widget-wrap elementor-element-populated\">\n\t\t\t\t\t\t<div class=\"elementor-element elementor-element-751273a elementor-widget elementor-widget-heading\" data-id=\"751273a\" data-element_type=\"widget\" data-e-type=\"widget\" data-widget_type=\"heading.default\">\n\t\t\t\t<div class=\"elementor-widget-container\">\n\t\t\t\t\t<span class=\"elementor-heading-title elementor-size-default\">Barbara Sternath<\/span>\t\t\t\t<\/div>\n\t\t\t\t<\/div>\n\t\t\t\t<div class=\"elementor-element elementor-element-cd63385 elementor-widget elementor-widget-heading\" data-id=\"cd63385\" data-element_type=\"widget\" data-e-type=\"widget\" data-widget_type=\"heading.default\">\n\t\t\t\t<div class=\"elementor-widget-container\">\n\t\t\t\t\t<h1 class=\"elementor-heading-title elementor-size-default\">Kontakt<\/h1>\t\t\t\t<\/div>\n\t\t\t\t<\/div>\n\t\t\t\t\t<\/div>\n\t\t<\/div>\n\t\t\t\t\t<\/div>\n\t\t<\/section>\n\t\t\t\t\t<\/div>\n\t\t<\/div>\n\t\t\t\t\t<\/div>\n\t\t<\/section>\n\t\t\t\t<section class=\"elementor-section elementor-top-section elementor-element elementor-element-cda9576 elementor-section-boxed elementor-section-height-default elementor-section-height-default\" data-id=\"cda9576\" data-element_type=\"section\" data-e-type=\"section\" data-settings=\"{&quot;background_background&quot;:&quot;classic&quot;}\">\n\t\t\t\t\t\t<div class=\"elementor-container elementor-column-gap-default\">\n\t\t\t\t\t<div class=\"elementor-column elementor-col-100 elementor-top-column elementor-element elementor-element-facdbcb\" data-id=\"facdbcb\" data-element_type=\"column\" data-e-type=\"column\">\n\t\t\t<div class=\"elementor-widget-wrap elementor-element-populated\">\n\t\t\t\t\t\t<section class=\"elementor-section elementor-inner-section elementor-element elementor-element-bca2211 elementor-section-content-middle elementor-section-boxed elementor-section-height-default elementor-section-height-default\" data-id=\"bca2211\" data-element_type=\"section\" data-e-type=\"section\">\n\t\t\t\t\t\t<div class=\"elementor-container elementor-column-gap-default\">\n\t\t\t\t\t<div class=\"elementor-column elementor-col-50 elementor-inner-column elementor-element elementor-element-b8878ff\" data-id=\"b8878ff\" data-element_type=\"column\" data-e-type=\"column\" data-settings=\"{&quot;background_background&quot;:&quot;classic&quot;}\">\n\t\t\t<div class=\"elementor-widget-wrap elementor-element-populated\">\n\t\t\t\t\t\t<div class=\"elementor-element elementor-element-40dc088 elementor-widget elementor-widget-heading\" data-id=\"40dc088\" data-element_type=\"widget\" data-e-type=\"widget\" data-widget_type=\"heading.default\">\n\t\t\t\t<div class=\"elementor-widget-container\">\n\t\t\t\t\t<h2 class=\"elementor-heading-title elementor-size-default\">Anfrage f\u00fcr eine Ern\u00e4hrungsberatung <br>  <br>                   &amp; <br><br>          Anmeldung<br>         Babymassage<\/h2>\t\t\t\t<\/div>\n\t\t\t\t<\/div>\n\t\t\t\t<div class=\"elementor-element elementor-element-674efd3 elementor-widget-divider--view-line elementor-widget elementor-widget-divider\" data-id=\"674efd3\" data-element_type=\"widget\" data-e-type=\"widget\" data-widget_type=\"divider.default\">\n\t\t\t\t<div class=\"elementor-widget-container\">\n\t\t\t\t\t\t\t<div class=\"elementor-divider\">\n\t\t\t<span class=\"elementor-divider-separator\">\n\t\t\t\t\t\t<\/span>\n\t\t<\/div>\n\t\t\t\t\t\t<\/div>\n\t\t\t\t<\/div>\n\t\t\t\t\t<\/div>\n\t\t<\/div>\n\t\t\t\t<div class=\"elementor-column elementor-col-50 elementor-inner-column elementor-element elementor-element-7a917bb\" data-id=\"7a917bb\" data-element_type=\"column\" data-e-type=\"column\" data-settings=\"{&quot;background_background&quot;:&quot;classic&quot;}\">\n\t\t\t<div class=\"elementor-widget-wrap elementor-element-populated\">\n\t\t\t\t\t\t<div class=\"elementor-element elementor-element-4304cd4 elementor-widget elementor-widget-content_form_contact\" data-id=\"4304cd4\" data-element_type=\"widget\" data-e-type=\"widget\" data-widget_type=\"content_form_contact.default\">\n\t\t\t\t<div class=\"elementor-widget-container\">\n\t\t\t\t\t<form action=\"https:\/\/barbara-sternath.ch\/wp-admin\/admin-post.php\" method=\"post\" name=\"content-form-4304cd4\" id=\"content-form-4304cd4\" class=\"ti-cf-module content-form content-form-contact content_form_contact\"><input type=\"hidden\" id=\"_wpnonce_contact\" name=\"_wpnonce_contact\" value=\"7e48ebd9a0\" \/><input type=\"hidden\" name=\"_wp_http_referer\" value=\"\/?page_id=10\" \/><input type=\"hidden\" name=\"action\" value=\"content_form_submit\" \/><input type=\"hidden\" name=\"form-type\" value=\"contact\" \/><input type=\"hidden\" name=\"form-builder\" value=\"elementor\" \/><input type=\"hidden\" name=\"post-id\" value=\"10\" \/><input type=\"hidden\" name=\"form-id\" value=\"4304cd4\" \/><fieldset class=&quot;content-form-field-text elementor-column elementor-col-100&quot;><label for=\"data[4304cd4][name]\" >Name<span class=\"required-mark\"> *<\/span><\/label><input type=\"text\" name=\"data[4304cd4][name]\" id=\"data[4304cd4][name]\" required=required  placeholder=\"Dein Name\"><\/fieldset><fieldset class=&quot;content-form-field-email elementor-column elementor-col-100&quot;><label for=\"data[4304cd4][email]\" >Email<span class=\"required-mark\"> *<\/span><\/label><input type=\"text\" name=\"data[4304cd4][email]\" id=\"data[4304cd4][email]\" required=required  placeholder=\"Emailaddresse\"><\/fieldset><fieldset class=&quot;content-form-field-checkbox elementor-column elementor-col-50&quot;><label class=\"checkbox-input\" for=\"data[4304cd4][ernaehrungsberatung]\" >Ern\u00e4hrungsberatung<input type=\"checkbox\" name=\"data[4304cd4][ernaehrungsberatung]\" id=\"data[4304cd4][ernaehrungsberatung]\"  ><\/label><\/fieldset><fieldset class=&quot;content-form-field-checkbox elementor-column elementor-col-50&quot;><label class=\"checkbox-input\" for=\"data[4304cd4][babymassage]\" >Babymassage<input type=\"checkbox\" name=\"data[4304cd4][babymassage]\" id=\"data[4304cd4][babymassage]\"  ><\/label><\/fieldset><fieldset class=&quot;content-form-field-textarea elementor-column elementor-col-100&quot;><label for=\"data[4304cd4][message]\" >Nachricht<span class=\"required-mark\"> *<\/span><\/label><textarea name=\"data[4304cd4][message]\" id=\"data[4304cd4][message]\"  required=required placeholder=\"Wie kann ich Dir helfen?\" cols=\"30\" rows=\"5\"><\/textarea><\/fieldset><fieldset class=\"submit-form contact\"><button type=\"submit\" name=\"submit\"  value=\"submit-contact-4304cd4\" class=\"\">Abschicken<\/button><\/fieldset><\/form>\t\t\t\t<\/div>\n\t\t\t\t<\/div>\n\t\t\t\t\t<\/div>\n\t\t<\/div>\n\t\t\t\t\t<\/div>\n\t\t<\/section>\n\t\t\t\t\t<\/div>\n\t\t<\/div>\n\t\t\t\t\t<\/div>\n\t\t<\/section>\n\t\t\t\t<\/div>\n\t\t","protected":false},"excerpt":{"rendered":"<p>Barbara Sternath Kontakt Anfrage f\u00fcr eine Ern\u00e4hrungsberatung &amp; Anmeldung Babymassage Name * Email * Ern\u00e4hrungsberatung Babymassage Nachricht * Abschicken<\/p>\n","protected":false},"author":1,"featured_media":0,"parent":0,"menu_order":0,"comment_status":"closed","ping_status":"closed","template":"page-templates\/template-pagebuilder-full-width.php","meta":{"neve_meta_sidebar":"","neve_meta_container":"","neve_meta_enable_content_width":"off","neve_meta_content_width":0,"neve_meta_title_alignment":"","neve_meta_author_avatar":"","neve_post_elements_order":"","neve_meta_disable_header":"","neve_meta_disable_footer":"","neve_meta_disable_title":"","footnotes":""},"class_list":["post-10","page","type-page","status-publish","hentry"],"yoast_head":"<!-- This site is optimized with the Yoast SEO plugin v27.2 - https:\/\/yoast.com\/product\/yoast-seo-wordpress\/ -->\n<title>Kontakt - Ern\u00e4hrungsberatung &amp; Babymassage Sternath<\/title>\n<meta name=\"robots\" content=\"index, follow, max-snippet:-1, max-image-preview:large, max-video-preview:-1\" \/>\n<link rel=\"canonical\" href=\"https:\/\/barbara-sternath.ch\/?page_id=10\" \/>\n<meta property=\"og:locale\" content=\"de_DE\" \/>\n<meta property=\"og:type\" content=\"article\" \/>\n<meta property=\"og:title\" content=\"Kontakt - Ern\u00e4hrungsberatung &amp; Babymassage Sternath\" \/>\n<meta property=\"og:description\" content=\"Barbara Sternath Kontakt Anfrage f\u00fcr eine Ern\u00e4hrungsberatung &amp; Anmeldung Babymassage Name * Email * Ern\u00e4hrungsberatung Babymassage Nachricht * Abschicken\" \/>\n<meta property=\"og:url\" content=\"https:\/\/barbara-sternath.ch\/?page_id=10\" \/>\n<meta property=\"og:site_name\" content=\"Ern\u00e4hrungsberatung &amp; Babymassage Sternath\" \/>\n<meta property=\"article:modified_time\" content=\"2025-02-24T20:24:46+00:00\" \/>\n<meta name=\"twitter:card\" content=\"summary_large_image\" \/>\n<meta name=\"twitter:label1\" content=\"Gesch\u00e4tzte Lesezeit\" \/>\n\t<meta name=\"twitter:data1\" content=\"1\u00a0Minute\" \/>\n<script type=\"application\/ld+json\" class=\"yoast-schema-graph\">{\"@context\":\"https:\/\/schema.org\",\"@graph\":[{\"@type\":\"WebPage\",\"@id\":\"https:\/\/barbara-sternath.ch\/?page_id=10\",\"url\":\"https:\/\/barbara-sternath.ch\/?page_id=10\",\"name\":\"Kontakt - Ern\u00e4hrungsberatung &amp; Babymassage Sternath\",\"isPartOf\":{\"@id\":\"https:\/\/barbara-sternath.ch\/#website\"},\"datePublished\":\"2019-07-29T07:54:21+00:00\",\"dateModified\":\"2025-02-24T20:24:46+00:00\",\"breadcrumb\":{\"@id\":\"https:\/\/barbara-sternath.ch\/?page_id=10#breadcrumb\"},\"inLanguage\":\"de-CH\",\"potentialAction\":[{\"@type\":\"ReadAction\",\"target\":[\"https:\/\/barbara-sternath.ch\/?page_id=10\"]}]},{\"@type\":\"BreadcrumbList\",\"@id\":\"https:\/\/barbara-sternath.ch\/?page_id=10#breadcrumb\",\"itemListElement\":[{\"@type\":\"ListItem\",\"position\":1,\"name\":\"Home\",\"item\":\"https:\/\/barbara-sternath.ch\/\"},{\"@type\":\"ListItem\",\"position\":2,\"name\":\"Kontakt\"}]},{\"@type\":\"WebSite\",\"@id\":\"https:\/\/barbara-sternath.ch\/#website\",\"url\":\"https:\/\/barbara-sternath.ch\/\",\"name\":\"Ern\u00e4hrungsberatung Sternath\",\"description\":\"Ern\u00e4hrungsberatung und Babymassage in Pf\u00e4ffikon ZH\",\"publisher\":{\"@id\":\"https:\/\/barbara-sternath.ch\/#\/schema\/person\/8f1d04fe9a1904344d116d24caa66802\"},\"potentialAction\":[{\"@type\":\"SearchAction\",\"target\":{\"@type\":\"EntryPoint\",\"urlTemplate\":\"https:\/\/barbara-sternath.ch\/?s={search_term_string}\"},\"query-input\":{\"@type\":\"PropertyValueSpecification\",\"valueRequired\":true,\"valueName\":\"search_term_string\"}}],\"inLanguage\":\"de-CH\"},{\"@type\":[\"Person\",\"Organization\"],\"@id\":\"https:\/\/barbara-sternath.ch\/#\/schema\/person\/8f1d04fe9a1904344d116d24caa66802\",\"name\":\"Barbara Sternath\",\"image\":{\"@type\":\"ImageObject\",\"inLanguage\":\"de-CH\",\"@id\":\"https:\/\/barbara-sternath.ch\/wp-content\/uploads\/2019\/10\/4021retcd-e1571518134418.jpg\",\"url\":\"https:\/\/barbara-sternath.ch\/wp-content\/uploads\/2019\/10\/4021retcd-e1571518134418.jpg\",\"contentUrl\":\"https:\/\/barbara-sternath.ch\/wp-content\/uploads\/2019\/10\/4021retcd-e1571518134418.jpg\",\"width\":1368,\"height\":2000,\"caption\":\"Barbara Sternath\"},\"logo\":{\"@id\":\"https:\/\/barbara-sternath.ch\/wp-content\/uploads\/2019\/10\/4021retcd-e1571518134418.jpg\"},\"sameAs\":[\"http:\/\/barbara-sternath.ch\"]}]}<\/script>\n<!-- \/ Yoast SEO plugin. -->","yoast_head_json":{"title":"Kontakt - Ern\u00e4hrungsberatung &amp; Babymassage Sternath","robots":{"index":"index","follow":"follow","max-snippet":"max-snippet:-1","max-image-preview":"max-image-preview:large","max-video-preview":"max-video-preview:-1"},"canonical":"https:\/\/barbara-sternath.ch\/?page_id=10","og_locale":"de_DE","og_type":"article","og_title":"Kontakt - Ern\u00e4hrungsberatung &amp; Babymassage Sternath","og_description":"Barbara Sternath Kontakt Anfrage f\u00fcr eine Ern\u00e4hrungsberatung &amp; Anmeldung Babymassage Name * Email * Ern\u00e4hrungsberatung Babymassage Nachricht * Abschicken","og_url":"https:\/\/barbara-sternath.ch\/?page_id=10","og_site_name":"Ern\u00e4hrungsberatung &amp; Babymassage Sternath","article_modified_time":"2025-02-24T20:24:46+00:00","twitter_card":"summary_large_image","twitter_misc":{"Gesch\u00e4tzte Lesezeit":"1\u00a0Minute"},"schema":{"@context":"https:\/\/schema.org","@graph":[{"@type":"WebPage","@id":"https:\/\/barbara-sternath.ch\/?page_id=10","url":"https:\/\/barbara-sternath.ch\/?page_id=10","name":"Kontakt - Ern\u00e4hrungsberatung &amp; Babymassage Sternath","isPartOf":{"@id":"https:\/\/barbara-sternath.ch\/#website"},"datePublished":"2019-07-29T07:54:21+00:00","dateModified":"2025-02-24T20:24:46+00:00","breadcrumb":{"@id":"https:\/\/barbara-sternath.ch\/?page_id=10#breadcrumb"},"inLanguage":"de-CH","potentialAction":[{"@type":"ReadAction","target":["https:\/\/barbara-sternath.ch\/?page_id=10"]}]},{"@type":"BreadcrumbList","@id":"https:\/\/barbara-sternath.ch\/?page_id=10#breadcrumb","itemListElement":[{"@type":"ListItem","position":1,"name":"Home","item":"https:\/\/barbara-sternath.ch\/"},{"@type":"ListItem","position":2,"name":"Kontakt"}]},{"@type":"WebSite","@id":"https:\/\/barbara-sternath.ch\/#website","url":"https:\/\/barbara-sternath.ch\/","name":"Ern\u00e4hrungsberatung Sternath","description":"Ern\u00e4hrungsberatung und Babymassage in Pf\u00e4ffikon ZH","publisher":{"@id":"https:\/\/barbara-sternath.ch\/#\/schema\/person\/8f1d04fe9a1904344d116d24caa66802"},"potentialAction":[{"@type":"SearchAction","target":{"@type":"EntryPoint","urlTemplate":"https:\/\/barbara-sternath.ch\/?s={search_term_string}"},"query-input":{"@type":"PropertyValueSpecification","valueRequired":true,"valueName":"search_term_string"}}],"inLanguage":"de-CH"},{"@type":["Person","Organization"],"@id":"https:\/\/barbara-sternath.ch\/#\/schema\/person\/8f1d04fe9a1904344d116d24caa66802","name":"Barbara Sternath","image":{"@type":"ImageObject","inLanguage":"de-CH","@id":"https:\/\/barbara-sternath.ch\/wp-content\/uploads\/2019\/10\/4021retcd-e1571518134418.jpg","url":"https:\/\/barbara-sternath.ch\/wp-content\/uploads\/2019\/10\/4021retcd-e1571518134418.jpg","contentUrl":"https:\/\/barbara-sternath.ch\/wp-content\/uploads\/2019\/10\/4021retcd-e1571518134418.jpg","width":1368,"height":2000,"caption":"Barbara Sternath"},"logo":{"@id":"https:\/\/barbara-sternath.ch\/wp-content\/uploads\/2019\/10\/4021retcd-e1571518134418.jpg"},"sameAs":["http:\/\/barbara-sternath.ch"]}]}},"_links":{"self":[{"href":"https:\/\/barbara-sternath.ch\/index.php?rest_route=\/wp\/v2\/pages\/10","targetHints":{"allow":["GET"]}}],"collection":[{"href":"https:\/\/barbara-sternath.ch\/index.php?rest_route=\/wp\/v2\/pages"}],"about":[{"href":"https:\/\/barbara-sternath.ch\/index.php?rest_route=\/wp\/v2\/types\/page"}],"author":[{"embeddable":true,"href":"https:\/\/barbara-sternath.ch\/index.php?rest_route=\/wp\/v2\/users\/1"}],"replies":[{"embeddable":true,"href":"https:\/\/barbara-sternath.ch\/index.php?rest_route=%2Fwp%2Fv2%2Fcomments&post=10"}],"version-history":[{"count":14,"href":"https:\/\/barbara-sternath.ch\/index.php?rest_route=\/wp\/v2\/pages\/10\/revisions"}],"predecessor-version":[{"id":512,"href":"https:\/\/barbara-sternath.ch\/index.php?rest_route=\/wp\/v2\/pages\/10\/revisions\/512"}],"wp:attachment":[{"href":"https:\/\/barbara-sternath.ch\/index.php?rest_route=%2Fwp%2Fv2%2Fmedia&parent=10"}],"curies":[{"name":"wp","href":"https:\/\/api.w.org\/{rel}","templated":true}]}}